{"id":43,"date":"2013-09-05T00:41:46","date_gmt":"2013-09-05T00:41:46","guid":{"rendered":"http:\/\/usinger-bau.de\/?page_id=43"},"modified":"2025-12-08T17:08:47","modified_gmt":"2025-12-08T17:08:47","slug":"home","status":"publish","type":"page","link":"http:\/\/usinger-bau.de\/","title":{"rendered":"Willkommen"},"content":{"rendered":"\n<div class=\"wp-block-columns is-layout-flex wp-container-core-columns-is-layout-28f84493 wp-block-columns-is-layout-flex\">\n<div class=\"wp-block-column is-layout-flow wp-block-column-is-layout-flow\" style=\"padding-top:var(--wp--preset--spacing--40);padding-right:var(--wp--preset--spacing--40);padding-bottom:var(--wp--preset--spacing--40);padding-left:var(--wp--preset--spacing--40);flex-basis:100%\">\n<div class=\"wp-block-columns is-layout-flex wp-container-core-columns-is-layout-28f84493 wp-block-columns-is-layout-flex\">\n<div class=\"wp-block-column is-layout-flow wp-block-column-is-layout-flow\" style=\"flex-basis:100%\"><p style=\"color:#272a75; font-style:normal;font-weight:600;line-height:2;\" class=\"wp-block-site-tagline has-text-color\">Herzlich willkommen bei der Bernhard Usinger Bau GmbH, Ihrem Qualit\u00e4tsbauunternehmen f\u00fcr Hoch- und Tiefbau im Rhein-Main-Gebiet.<\/p>\n\n\n<p><\/p>\n\n\n\n<div class=\"wp-block-columns alignwide has-custom-farbe-1-color has-text-color is-layout-flex wp-container-core-columns-is-layout-21076780 wp-block-columns-is-layout-flex\" style=\"margin-top:0;margin-right:0;margin-bottom:0;margin-left:0;padding-top:0;padding-right:0;padding-bottom:0;padding-left:0\">\n<div class=\"wp-block-column has-custom-farbe-1-color has-text-color is-layout-flow wp-block-column-is-layout-flow\" style=\"flex-basis:61%\">\n<p class=\"has-custom-farbe-1-color has-text-color\">Auf unserer Website und in der downloadbaren Brosch\u00fcre erfahren Sie mehr \u00fcber unser Unternehmen, unsere Serviceangebote sowie unsere Referenzen und Partner.<\/p>\n\n\n\n<p><\/p>\n\n\n\n<figure class=\"wp-block-image alignleft size-large is-resized has-custom-border\"><a href=\"http:\/\/usinger-bau.de\/?page_id=215\"><img loading=\"lazy\" decoding=\"async\" width=\"1024\" height=\"249\" src=\"http:\/\/usinger-bau.de\/wp-content\/uploads\/2024\/05\/Screenshot-2024-05-12-at-21.31.45-1024x249.png\" alt=\"\" class=\"wp-image-566\" style=\"border-radius:0px;width:453px;height:auto\" srcset=\"http:\/\/usinger-bau.de\/wp-content\/uploads\/2024\/05\/Screenshot-2024-05-12-at-21.31.45-1024x249.png 1024w, http:\/\/usinger-bau.de\/wp-content\/uploads\/2024\/05\/Screenshot-2024-05-12-at-21.31.45-300x73.png 300w, http:\/\/usinger-bau.de\/wp-content\/uploads\/2024\/05\/Screenshot-2024-05-12-at-21.31.45-768x187.png 768w, http:\/\/usinger-bau.de\/wp-content\/uploads\/2024\/05\/Screenshot-2024-05-12-at-21.31.45.png 1530w\" sizes=\"auto, (max-width: 1024px) 100vw, 1024px\" \/><\/a><\/figure>\n\n\n\n<p><\/p>\n\n\n\n<p class=\"has-custom-farbe-1-color has-text-color\">Bitte kontaktieren Sie uns jederzeit f\u00fcr ein pers\u00f6nliches Gespr\u00e4ch bez\u00fcglich Ihres Bauvorhabens.<\/p>\n\n\n\n<p class=\"has-custom-farbe-1-color has-text-color\">Mit besten Gr\u00fc\u00dfen,<\/p>\n\n\n\n<p class=\"has-custom-farbe-1-color has-text-color\">Tobias und Stefan Usinger<\/p>\n<\/div>\n\n\n\n<div class=\"wp-block-column is-vertically-aligned-top is-layout-flow wp-block-column-is-layout-flow\" style=\"flex-basis:39%\">\n<figure class=\"wp-block-image is-resized has-custom-border\"><a href=\"http:\/\/usinger-bau.de\/wp-content\/uploads\/2025\/12\/BUB-Broschuere-final.pdf\" target=\"_blank\" rel=\"noreferrer noopener\"><img loading=\"lazy\" decoding=\"async\" width=\"400\" height=\"554\" src=\"http:\/\/usinger-bau.de\/wp-content\/uploads\/2024\/05\/frontpage-flip-2.jpeg\" alt=\"\" class=\"wp-image-547\" style=\"border-style:none;border-width:0px;border-radius:0px;width:234px;height:324px\" srcset=\"http:\/\/usinger-bau.de\/wp-content\/uploads\/2024\/05\/frontpage-flip-2.jpeg 400w, http:\/\/usinger-bau.de\/wp-content\/uploads\/2024\/05\/frontpage-flip-2-217x300.jpeg 217w\" sizes=\"auto, (max-width: 400px) 100vw, 400px\" \/><\/a><figcaption class=\"wp-element-caption\">Download Brosch\u00fcre<\/figcaption><\/figure>\n\n\n\n\n\n\n\n\n<\/div>\n<\/div>\n<\/div>\n<\/div>\n<\/div>\n<\/div>\n\n\n\n<div class=\"wp-block-columns is-layout-flex wp-container-core-columns-is-layout-28f84493 wp-block-columns-is-layout-flex\">\n<div class=\"wp-block-column is-layout-flow wp-block-column-is-layout-flow\"><\/div>\n<\/div>\n","protected":false},"excerpt":{"rendered":"<p>Auf unserer Website und in der downloadbaren Brosch\u00fcre erfahren Sie mehr \u00fcber unser Unternehmen, unsere Serviceangebote sowie unsere Referenzen und Partner. Bitte kontaktieren Sie uns jederzeit f\u00fcr ein pers\u00f6nliches Gespr\u00e4ch bez\u00fcglich Ihres Bauvorhabens. Mit besten Gr\u00fc\u00dfen, Tobias und Stefan Usinger<\/p>\n","protected":false},"author":1,"featured_media":0,"parent":0,"menu_order":0,"comment_status":"closed","ping_status":"closed","template":"","meta":{"footnotes":""},"class_list":["post-43","page","type-page","status-publish","hentry"],"_links":{"self":[{"href":"http:\/\/usinger-bau.de\/index.php?rest_route=\/wp\/v2\/pages\/43","targetHints":{"allow":["GET"]}}],"collection":[{"href":"http:\/\/usinger-bau.de\/index.php?rest_route=\/wp\/v2\/pages"}],"about":[{"href":"http:\/\/usinger-bau.de\/index.php?rest_route=\/wp\/v2\/types\/page"}],"author":[{"embeddable":true,"href":"http:\/\/usinger-bau.de\/index.php?rest_route=\/wp\/v2\/users\/1"}],"replies":[{"embeddable":true,"href":"http:\/\/usinger-bau.de\/index.php?rest_route=%2Fwp%2Fv2%2Fcomments&post=43"}],"version-history":[{"count":63,"href":"http:\/\/usinger-bau.de\/index.php?rest_route=\/wp\/v2\/pages\/43\/revisions"}],"predecessor-version":[{"id":579,"href":"http:\/\/usinger-bau.de\/index.php?rest_route=\/wp\/v2\/pages\/43\/revisions\/579"}],"wp:attachment":[{"href":"http:\/\/usinger-bau.de\/index.php?rest_route=%2Fwp%2Fv2%2Fmedia&parent=43"}],"curies":[{"name":"wp","href":"https:\/\/api.w.org\/{rel}","templated":true}]}}