{"id":33,"date":"2013-09-05T00:31:58","date_gmt":"2013-09-05T00:31:58","guid":{"rendered":"http:\/\/usinger-bau.de\/?page_id=33"},"modified":"2022-12-27T03:01:10","modified_gmt":"2022-12-27T03:01:10","slug":"kontakt","status":"publish","type":"page","link":"http:\/\/usinger-bau.de\/?page_id=33","title":{"rendered":"Kontakt"},"content":{"rendered":"\n<h3 class=\"has-system-font-font-family wp-block-heading\">Kontakt<\/h3>\n\n\n\n<p>Gerne stehen wir Ihnen unter folgenden Kontaktdaten zur Verf\u00fcgung:<\/p>\n\n\n\n<p>Bernhard Usinger Bau GmbH<br>Dingesweg 16<br>65779 Kelkheim\/Ts.<\/p>\n\n\n\n<p>Tel.: 06195 &#8211; 62837<br>Fax.: 06195 &#8211; 65404<br>eMail: info@usinger-bau.de<\/p>\n\n\n\n<p>&#8212;&#8212;&#8212;&#8212;&#8212;&#8212;&#8212;&#8212;&#8212;&#8211;<\/p>\n\n\n\n<p><strong>Impressum:<br><\/strong>Bernhard Usinger Bau GmbH<br>Dingesweg 16<br>65779 Kelkheim\/Ts. , Deutschland<br><\/p>\n\n\n\n<p>Gesch\u00e4ftsf\u00fchrer: Dipl. Ing. Stefan Usinger<br>Sitz der Gesellschaft: Kelkheim am Taunus<br>HRB: 3378, Registergericht K\u00f6nigstein\/Ts.<br>Verantwortlich f\u00fcr den Inhalt der Seite www.usinger-bau.de:<br>B. Usinger (webmaster at usinger-bau.de)<\/p>\n\n\n\n<p><a href=\"http:\/\/usinger-bau.de\/?p=254\" target=\"_blank\" rel=\"noopener\">Hinweise zu Verlinkungen, Datenschutz und Urheberrecht<\/a><\/p>\n","protected":false},"excerpt":{"rendered":"<p>Kontakt Gerne stehen wir Ihnen unter folgenden Kontaktdaten zur Verf\u00fcgung: Bernhard Usinger Bau GmbHDingesweg 1665779 Kelkheim\/Ts. Tel.: 06195 &#8211; 62837Fax.: 06195 &#8211; 65404eMail: info@usinger-bau.de &#8212;&#8212;&#8212;&#8212;&#8212;&#8212;&#8212;&#8212;&#8212;&#8211; Impressum:Bernhard Usinger Bau GmbHDingesweg 1665779 Kelkheim\/Ts. , Deutschland Gesch\u00e4ftsf\u00fchrer: Dipl. Ing. Stefan UsingerSitz der Gesellschaft: Kelkheim am TaunusHRB: 3378, Registergericht K\u00f6nigstein\/Ts.Verantwortlich f\u00fcr den Inhalt der Seite www.usinger-bau.de:B. Usinger (webmaster at [&hellip;]<\/p>\n","protected":false},"author":1,"featured_media":0,"parent":0,"menu_order":6,"comment_status":"closed","ping_status":"closed","template":"","meta":{"footnotes":""},"class_list":["post-33","page","type-page","status-publish","hentry"],"_links":{"self":[{"href":"http:\/\/usinger-bau.de\/index.php?rest_route=\/wp\/v2\/pages\/33","targetHints":{"allow":["GET"]}}],"collection":[{"href":"http:\/\/usinger-bau.de\/index.php?rest_route=\/wp\/v2\/pages"}],"about":[{"href":"http:\/\/usinger-bau.de\/index.php?rest_route=\/wp\/v2\/types\/page"}],"author":[{"embeddable":true,"href":"http:\/\/usinger-bau.de\/index.php?rest_route=\/wp\/v2\/users\/1"}],"replies":[{"embeddable":true,"href":"http:\/\/usinger-bau.de\/index.php?rest_route=%2Fwp%2Fv2%2Fcomments&post=33"}],"version-history":[{"count":26,"href":"http:\/\/usinger-bau.de\/index.php?rest_route=\/wp\/v2\/pages\/33\/revisions"}],"predecessor-version":[{"id":512,"href":"http:\/\/usinger-bau.de\/index.php?rest_route=\/wp\/v2\/pages\/33\/revisions\/512"}],"wp:attachment":[{"href":"http:\/\/usinger-bau.de\/index.php?rest_route=%2Fwp%2Fv2%2Fmedia&parent=33"}],"curies":[{"name":"wp","href":"https:\/\/api.w.org\/{rel}","templated":true}]}}